{"id":2,"date":"2023-12-18T13:03:44","date_gmt":"2023-12-18T13:03:44","guid":{"rendered":"https:\/\/web4.rkinformatika.net\/lolymunoz\/?page_id=2"},"modified":"2024-01-03T17:06:56","modified_gmt":"2024-01-03T17:06:56","slug":"inicio","status":"publish","type":"page","link":"https:\/\/lolymunoz.es\/eu\/","title":{"rendered":"Inicio"},"content":{"rendered":"<div data-elementor-type=\"wp-page\" data-elementor-id=\"2\" class=\"elementor elementor-2\" data-elementor-post-type=\"page\">\n\t\t\t\t<div class=\"elementor-element elementor-element-e22a2eb e-flex e-con-boxed e-con e-parent\" data-id=\"e22a2eb\" data-element_type=\"container\" data-e-type=\"container\" data-settings=\"{&quot;background_background&quot;:&quot;classic&quot;}\">\n\t\t\t\t\t<div class=\"e-con-inner\">\n\t\t\t\t\t<\/div>\n\t\t\t\t<\/div>\n\t\t<div class=\"elementor-element elementor-element-cb1dad0 e-flex e-con-boxed e-con e-parent\" data-id=\"cb1dad0\" data-element_type=\"container\" data-e-type=\"container\">\n\t\t\t\t\t<div class=\"e-con-inner\">\n\t\t\t\t<div class=\"elementor-element elementor-element-8a68001 elementor-invisible elementor-widget elementor-widget-heading\" data-id=\"8a68001\" data-element_type=\"widget\" data-e-type=\"widget\" data-settings=\"{&quot;_animation&quot;:&quot;fadeInDown&quot;}\" data-widget_type=\"heading.default\">\n\t\t\t\t<div class=\"elementor-widget-container\">\n\t\t\t\t\t<h2 class=\"elementor-heading-title elementor-size-default\">ZURE ORDUTEGIETARA EGOKITZEN GARA<\/h2>\t\t\t\t<\/div>\n\t\t\t\t<\/div>\n\t\t\t\t\t<\/div>\n\t\t\t\t<\/div>\n\t\t\t\t<section class=\"elementor-section elementor-top-section elementor-element elementor-element-11acd9d2 elementor-section-full_width elementor-section-height-default elementor-section-height-default\" data-id=\"11acd9d2\" data-element_type=\"section\" data-e-type=\"section\">\n\t\t\t\t\t\t<div class=\"elementor-container elementor-column-gap-no\">\n\t\t\t\t\t<div class=\"elementor-column elementor-col-50 elementor-top-column elementor-element elementor-element-2c7b7993\" data-id=\"2c7b7993\" data-element_type=\"column\" data-e-type=\"column\" data-settings=\"{&quot;background_background&quot;:&quot;classic&quot;}\">\n\t\t\t<div class=\"elementor-widget-wrap elementor-element-populated\">\n\t\t\t\t\t\t<div class=\"elementor-element elementor-element-e4b8c50 elementor-widget elementor-widget-spacer\" data-id=\"e4b8c50\" data-element_type=\"widget\" data-e-type=\"widget\" data-widget_type=\"spacer.default\">\n\t\t\t\t<div class=\"elementor-widget-container\">\n\t\t\t\t\t\t\t<div class=\"elementor-spacer\">\n\t\t\t<div class=\"elementor-spacer-inner\"><\/div>\n\t\t<\/div>\n\t\t\t\t\t\t<\/div>\n\t\t\t\t<\/div>\n\t\t\t\t\t<\/div>\n\t\t<\/div>\n\t\t\t\t<div class=\"elementor-column elementor-col-50 elementor-top-column elementor-element elementor-element-24a442fd\" data-id=\"24a442fd\" data-element_type=\"column\" data-e-type=\"column\" data-settings=\"{&quot;background_background&quot;:&quot;classic&quot;}\">\n\t\t\t<div class=\"elementor-widget-wrap elementor-element-populated\">\n\t\t\t\t\t\t<section class=\"elementor-section elementor-inner-section elementor-element elementor-element-43241786 elementor-section-boxed elementor-section-height-default elementor-section-height-default\" data-id=\"43241786\" data-element_type=\"section\" data-e-type=\"section\">\n\t\t\t\t\t\t<div class=\"elementor-container elementor-column-gap-default\">\n\t\t\t\t\t<div class=\"elementor-column elementor-col-100 elementor-inner-column elementor-element elementor-element-4352cb6\" data-id=\"4352cb6\" data-element_type=\"column\" data-e-type=\"column\">\n\t\t\t<div class=\"elementor-widget-wrap elementor-element-populated\">\n\t\t\t\t\t\t<div class=\"elementor-element elementor-element-2c2920ec elementor-widget elementor-widget-elementskit-heading\" data-id=\"2c2920ec\" data-element_type=\"widget\" data-e-type=\"widget\" data-widget_type=\"elementskit-heading.default\">\n\t\t\t\t<div class=\"elementor-widget-container\">\n\t\t\t\t\t<div class=\"ekit-wid-con\" ><div class=\"ekit-heading elementskit-section-title-wraper text_center   ekit_heading_tablet-   ekit_heading_mobile-\"><\/div><\/div>\t\t\t\t<\/div>\n\t\t\t\t<\/div>\n\t\t\t\t<div class=\"elementor-element elementor-element-3a2c031 elementor-widget elementor-widget-heading\" data-id=\"3a2c031\" data-element_type=\"widget\" data-e-type=\"widget\" data-widget_type=\"heading.default\">\n\t\t\t\t<div class=\"elementor-widget-container\">\n\t\t\t\t\t<h2 class=\"elementor-heading-title elementor-size-default\">Loly Mu\u00f1oz ile-apainketa eta estetika aretoak etxeko ile-apainketa, manikura eta pedikurako zerbitzu profesionala eskaintzen du.<\/h2>\t\t\t\t<\/div>\n\t\t\t\t<\/div>\n\t\t\t\t\t<\/div>\n\t\t<\/div>\n\t\t\t\t\t<\/div>\n\t\t<\/section>\n\t\t\t\t\t<\/div>\n\t\t<\/div>\n\t\t\t\t\t<\/div>\n\t\t<\/section>\n\t\t<div class=\"elementor-element elementor-element-f1ef88d e-flex e-con-boxed e-con e-parent\" data-id=\"f1ef88d\" data-element_type=\"container\" data-e-type=\"container\">\n\t\t\t\t\t<div class=\"e-con-inner\">\n\t\t\t\t<div class=\"elementor-element elementor-element-6870cea elementor-widget elementor-widget-heading\" data-id=\"6870cea\" data-element_type=\"widget\" data-e-type=\"widget\" data-widget_type=\"heading.default\">\n\t\t\t\t<div class=\"elementor-widget-container\">\n\t\t\t\t\t<h2 class=\"elementor-heading-title elementor-size-default\">Emakume, gizon eta haurrengan espezializatutako ile-apainketa<\/h2>\t\t\t\t<\/div>\n\t\t\t\t<\/div>\n\t\t\t\t\t<\/div>\n\t\t\t\t<\/div>\n\t\t<div class=\"elementor-element elementor-element-a7b0ba0 elementor-hidden-mobile e-flex e-con-boxed e-con e-parent\" data-id=\"a7b0ba0\" data-element_type=\"container\" data-e-type=\"container\">\n\t\t\t\t\t<div class=\"e-con-inner\">\n\t\t\t\t<div class=\"elementor-element elementor-element-89f4800 elementor-widget elementor-widget-image\" data-id=\"89f4800\" data-element_type=\"widget\" data-e-type=\"widget\" data-widget_type=\"image.default\">\n\t\t\t\t<div class=\"elementor-widget-container\">\n\t\t\t\t\t\t\t\t\t\t\t\t\t\t\t<img fetchpriority=\"high\" decoding=\"async\" width=\"800\" height=\"800\" src=\"https:\/\/lolymunoz.es\/wp-content\/uploads\/2023\/12\/Sin-titulo-1_Mesa-de-trabajo-1-1024x1024-1.png\" class=\"attachment-large size-large wp-image-140\" alt=\"\" srcset=\"https:\/\/lolymunoz.es\/wp-content\/uploads\/2023\/12\/Sin-titulo-1_Mesa-de-trabajo-1-1024x1024-1.png 1024w, https:\/\/lolymunoz.es\/wp-content\/uploads\/2023\/12\/Sin-titulo-1_Mesa-de-trabajo-1-1024x1024-1-300x300.png 300w, https:\/\/lolymunoz.es\/wp-content\/uploads\/2023\/12\/Sin-titulo-1_Mesa-de-trabajo-1-1024x1024-1-150x150.png 150w, https:\/\/lolymunoz.es\/wp-content\/uploads\/2023\/12\/Sin-titulo-1_Mesa-de-trabajo-1-1024x1024-1-768x768.png 768w, https:\/\/lolymunoz.es\/wp-content\/uploads\/2023\/12\/Sin-titulo-1_Mesa-de-trabajo-1-1024x1024-1-12x12.png 12w\" sizes=\"(max-width: 800px) 100vw, 800px\" \/>\t\t\t\t\t\t\t\t\t\t\t\t\t\t\t<\/div>\n\t\t\t\t<\/div>\n\t\t\t\t\t<\/div>\n\t\t\t\t<\/div>\n\t\t<div class=\"elementor-element elementor-element-24f8e8e e-con-full elementor-hidden-tablet elementor-hidden-mobile e-flex e-con e-parent\" data-id=\"24f8e8e\" data-element_type=\"container\" data-e-type=\"container\">\n\t\t\t\t<div class=\"elementor-element elementor-element-1d12d02 elementor-widget-tablet__width-initial elementor-widget elementor-widget-image\" data-id=\"1d12d02\" data-element_type=\"widget\" data-e-type=\"widget\" data-widget_type=\"image.default\">\n\t\t\t\t<div class=\"elementor-widget-container\">\n\t\t\t\t\t\t\t\t\t\t\t\t\t\t\t<img decoding=\"async\" width=\"800\" height=\"800\" src=\"https:\/\/lolymunoz.es\/wp-content\/uploads\/2023\/12\/fashion-portrait-young-man-black-shirt-poses-wall-with-contrast-shadows-1024x1024.png\" class=\"attachment-large size-large wp-image-132\" alt=\"\" srcset=\"https:\/\/lolymunoz.es\/wp-content\/uploads\/2023\/12\/fashion-portrait-young-man-black-shirt-poses-wall-with-contrast-shadows-1024x1024.png 1024w, https:\/\/lolymunoz.es\/wp-content\/uploads\/2023\/12\/fashion-portrait-young-man-black-shirt-poses-wall-with-contrast-shadows-300x300.png 300w, https:\/\/lolymunoz.es\/wp-content\/uploads\/2023\/12\/fashion-portrait-young-man-black-shirt-poses-wall-with-contrast-shadows-150x150.png 150w, https:\/\/lolymunoz.es\/wp-content\/uploads\/2023\/12\/fashion-portrait-young-man-black-shirt-poses-wall-with-contrast-shadows-768x768.png 768w, https:\/\/lolymunoz.es\/wp-content\/uploads\/2023\/12\/fashion-portrait-young-man-black-shirt-poses-wall-with-contrast-shadows-1536x1536.png 1536w, https:\/\/lolymunoz.es\/wp-content\/uploads\/2023\/12\/fashion-portrait-young-man-black-shirt-poses-wall-with-contrast-shadows-2048x2048.png 2048w, https:\/\/lolymunoz.es\/wp-content\/uploads\/2023\/12\/fashion-portrait-young-man-black-shirt-poses-wall-with-contrast-shadows-12x12.png 12w\" sizes=\"(max-width: 800px) 100vw, 800px\" \/>\t\t\t\t\t\t\t\t\t\t\t\t\t\t\t<\/div>\n\t\t\t\t<\/div>\n\t\t\t\t<div class=\"elementor-element elementor-element-f3c3da6 elementor-widget elementor-widget-text-editor\" data-id=\"f3c3da6\" data-element_type=\"widget\" data-e-type=\"widget\" data-widget_type=\"text-editor.default\">\n\t\t\t\t<div class=\"elementor-widget-container\">\n\t\t\t\t\t\t\t\t\t<p>Ileapaindegi eta edertasun aretoa, 1988az geroztik irekia, Loly Mu\u00f1ozek zuzentzen zuena, gaztetatik irudi pertsonalarekiko grina zuen estilista handia, tradizioa markatzea gustatzen zitzaion.<\/p><p>Eta, gaur egun, pertsona askori laguntzen die bere irudi pertsonala indartzen, bere edertasunari etekina ateratzen.<\/p><p>Loly Mu\u00f1oz ile-apainketa eta edertasun aretoan irudi pertsonalaren arlo ezberdinetan espezializatutako estilista talde bat aurkituko duzu, 20 urte baino gehiagoko esperientzia duena.<\/p><p>Gure bezeroek tratu atsegina eta hurbila, beharrak entzun aurreko aholkularitza ona eta maitasun handia aurkituko dituzte gure egongelan.<\/p>\t\t\t\t\t\t\t\t<\/div>\n\t\t\t\t<\/div>\n\t\t\t\t<div class=\"elementor-element elementor-element-7e933a0 elementor-widget-tablet__width-initial elementor-widget elementor-widget-image\" data-id=\"7e933a0\" data-element_type=\"widget\" data-e-type=\"widget\" data-widget_type=\"image.default\">\n\t\t\t\t<div class=\"elementor-widget-container\">\n\t\t\t\t\t\t\t\t\t\t\t\t\t\t\t<img decoding=\"async\" width=\"680\" height=\"1024\" src=\"https:\/\/lolymunoz.es\/wp-content\/uploads\/2023\/12\/portrait-happy-boy-isolated-white-background-680x1024.jpg\" class=\"attachment-large size-large wp-image-127\" alt=\"\" srcset=\"https:\/\/lolymunoz.es\/wp-content\/uploads\/2023\/12\/portrait-happy-boy-isolated-white-background-680x1024.jpg 680w, https:\/\/lolymunoz.es\/wp-content\/uploads\/2023\/12\/portrait-happy-boy-isolated-white-background-199x300.jpg 199w, https:\/\/lolymunoz.es\/wp-content\/uploads\/2023\/12\/portrait-happy-boy-isolated-white-background-768x1156.jpg 768w, https:\/\/lolymunoz.es\/wp-content\/uploads\/2023\/12\/portrait-happy-boy-isolated-white-background-1020x1536.jpg 1020w, https:\/\/lolymunoz.es\/wp-content\/uploads\/2023\/12\/portrait-happy-boy-isolated-white-background-1360x2048.jpg 1360w, https:\/\/lolymunoz.es\/wp-content\/uploads\/2023\/12\/portrait-happy-boy-isolated-white-background-8x12.jpg 8w, https:\/\/lolymunoz.es\/wp-content\/uploads\/2023\/12\/portrait-happy-boy-isolated-white-background-scaled.jpg 1700w\" sizes=\"(max-width: 680px) 100vw, 680px\" \/>\t\t\t\t\t\t\t\t\t\t\t\t\t\t\t<\/div>\n\t\t\t\t<\/div>\n\t\t\t\t<\/div>\n\t\t<div class=\"elementor-element elementor-element-b1001e2 e-con-full elementor-hidden-desktop e-flex e-con e-parent\" data-id=\"b1001e2\" data-element_type=\"container\" data-e-type=\"container\">\n\t\t\t\t<div class=\"elementor-element elementor-element-989f446 elementor-widget-tablet__width-initial elementor-widget elementor-widget-image\" data-id=\"989f446\" data-element_type=\"widget\" data-e-type=\"widget\" data-widget_type=\"image.default\">\n\t\t\t\t<div class=\"elementor-widget-container\">\n\t\t\t\t\t\t\t\t\t\t\t\t\t\t\t<img decoding=\"async\" width=\"800\" height=\"800\" src=\"https:\/\/lolymunoz.es\/wp-content\/uploads\/2023\/12\/fashion-portrait-young-man-black-shirt-poses-wall-with-contrast-shadows-1024x1024.png\" class=\"attachment-large size-large wp-image-132\" alt=\"\" srcset=\"https:\/\/lolymunoz.es\/wp-content\/uploads\/2023\/12\/fashion-portrait-young-man-black-shirt-poses-wall-with-contrast-shadows-1024x1024.png 1024w, https:\/\/lolymunoz.es\/wp-content\/uploads\/2023\/12\/fashion-portrait-young-man-black-shirt-poses-wall-with-contrast-shadows-300x300.png 300w, https:\/\/lolymunoz.es\/wp-content\/uploads\/2023\/12\/fashion-portrait-young-man-black-shirt-poses-wall-with-contrast-shadows-150x150.png 150w, https:\/\/lolymunoz.es\/wp-content\/uploads\/2023\/12\/fashion-portrait-young-man-black-shirt-poses-wall-with-contrast-shadows-768x768.png 768w, https:\/\/lolymunoz.es\/wp-content\/uploads\/2023\/12\/fashion-portrait-young-man-black-shirt-poses-wall-with-contrast-shadows-1536x1536.png 1536w, https:\/\/lolymunoz.es\/wp-content\/uploads\/2023\/12\/fashion-portrait-young-man-black-shirt-poses-wall-with-contrast-shadows-2048x2048.png 2048w, https:\/\/lolymunoz.es\/wp-content\/uploads\/2023\/12\/fashion-portrait-young-man-black-shirt-poses-wall-with-contrast-shadows-12x12.png 12w\" sizes=\"(max-width: 800px) 100vw, 800px\" \/>\t\t\t\t\t\t\t\t\t\t\t\t\t\t\t<\/div>\n\t\t\t\t<\/div>\n\t\t\t\t<div class=\"elementor-element elementor-element-c2eb5bd elementor-widget elementor-widget-text-editor\" data-id=\"c2eb5bd\" data-element_type=\"widget\" data-e-type=\"widget\" data-widget_type=\"text-editor.default\">\n\t\t\t\t<div class=\"elementor-widget-container\">\n\t\t\t\t\t\t\t\t\t<p>Ileapaindegi eta edertasun aretoa, 1988az geroztik irekia, Loly Mu\u00f1ozek zuzentzen zuena, gaztetatik irudi pertsonalarekiko grina zuen estilista handia, tradizioa markatzea gustatzen zitzaion.<\/p><p>Eta, gaur egun, pertsona askori laguntzen die bere irudi pertsonala indartzen, bere edertasunari etekina ateratzen.<\/p>\t\t\t\t\t\t\t\t<\/div>\n\t\t\t\t<\/div>\n\t\t\t\t<\/div>\n\t\t<div class=\"elementor-element elementor-element-8552298 e-con-full elementor-hidden-desktop e-flex e-con e-parent\" data-id=\"8552298\" data-element_type=\"container\" data-e-type=\"container\">\n\t\t\t\t<div class=\"elementor-element elementor-element-b59d0d2 elementor-widget elementor-widget-text-editor\" data-id=\"b59d0d2\" data-element_type=\"widget\" data-e-type=\"widget\" data-widget_type=\"text-editor.default\">\n\t\t\t\t<div class=\"elementor-widget-container\">\n\t\t\t\t\t\t\t\t\t<p><span style=\"color: var( --e-global-color-text ); font-family: var( --e-global-typography-text-font-family ), Sans-serif; font-weight: var( --e-global-typography-text-font-weight ); font-size: 1rem;\">Loly Mu\u00f1oz ile-apainketa eta edertasun aretoan irudi pertsonalaren arlo ezberdinetan espezializatutako estilista talde bat aurkituko duzu, 20 urte baino gehiagoko esperientzia duena.<\/span><\/p><p>Gure bezeroek tratu atsegina eta hurbila, beharrak entzun aurreko aholkularitza ona eta maitasun handia aurkituko dituzte gure egongelan.<\/p>\t\t\t\t\t\t\t\t<\/div>\n\t\t\t\t<\/div>\n\t\t\t\t<div class=\"elementor-element elementor-element-499a02b elementor-widget-tablet__width-initial elementor-widget elementor-widget-image\" data-id=\"499a02b\" data-element_type=\"widget\" data-e-type=\"widget\" data-widget_type=\"image.default\">\n\t\t\t\t<div class=\"elementor-widget-container\">\n\t\t\t\t\t\t\t\t\t\t\t\t\t\t\t<img decoding=\"async\" width=\"680\" height=\"1024\" src=\"https:\/\/lolymunoz.es\/wp-content\/uploads\/2023\/12\/portrait-happy-boy-isolated-white-background-680x1024.jpg\" class=\"attachment-large size-large wp-image-127\" alt=\"\" srcset=\"https:\/\/lolymunoz.es\/wp-content\/uploads\/2023\/12\/portrait-happy-boy-isolated-white-background-680x1024.jpg 680w, https:\/\/lolymunoz.es\/wp-content\/uploads\/2023\/12\/portrait-happy-boy-isolated-white-background-199x300.jpg 199w, https:\/\/lolymunoz.es\/wp-content\/uploads\/2023\/12\/portrait-happy-boy-isolated-white-background-768x1156.jpg 768w, https:\/\/lolymunoz.es\/wp-content\/uploads\/2023\/12\/portrait-happy-boy-isolated-white-background-1020x1536.jpg 1020w, https:\/\/lolymunoz.es\/wp-content\/uploads\/2023\/12\/portrait-happy-boy-isolated-white-background-1360x2048.jpg 1360w, https:\/\/lolymunoz.es\/wp-content\/uploads\/2023\/12\/portrait-happy-boy-isolated-white-background-8x12.jpg 8w, https:\/\/lolymunoz.es\/wp-content\/uploads\/2023\/12\/portrait-happy-boy-isolated-white-background-scaled.jpg 1700w\" sizes=\"(max-width: 680px) 100vw, 680px\" \/>\t\t\t\t\t\t\t\t\t\t\t\t\t\t\t<\/div>\n\t\t\t\t<\/div>\n\t\t\t\t<\/div>\n\t\t\t\t<\/div>","protected":false},"excerpt":{"rendered":"<p>NOS ADAPTAMOS A TUS HORARIOS El sal\u00f3n de peluquer\u00eda y est\u00e9tica Loly Mu\u00f1oz, ofrece un profesional servicio de peluquer\u00eda, manicura y pedicura a domicilio. Peluquer\u00eda especializada en Mujeres, Hombres y Ni\u00f1os Sal\u00f3n de peluquer\u00eda y belleza abierto desde 1988, regentado por Loly Mu\u00f1oz, gran estilista que desde muy joven ya sent\u00eda pasi\u00f3n por la imagen [&hellip;]<\/p>\n","protected":false},"author":1,"featured_media":386,"parent":0,"menu_order":0,"comment_status":"closed","ping_status":"closed","template":"","meta":{"footnotes":""},"class_list":["post-2","page","type-page","status-publish","has-post-thumbnail","hentry"],"yoast_head":"<!-- This site is optimized with the Yoast SEO plugin v27.3 - https:\/\/yoast.com\/product\/yoast-seo-wordpress\/ -->\n<title>Inicio - Loly Mu\u00f1oz<\/title>\n<meta name=\"robots\" content=\"index, follow, max-snippet:-1, max-image-preview:large, max-video-preview:-1\" \/>\n<link rel=\"canonical\" href=\"https:\/\/lolymunoz.es\/eu\/\" \/>\n<meta property=\"og:locale\" content=\"en_US\" \/>\n<meta property=\"og:type\" content=\"article\" \/>\n<meta property=\"og:title\" content=\"Inicio - Loly Mu\u00f1oz\" \/>\n<meta property=\"og:description\" content=\"NOS ADAPTAMOS A TUS HORARIOS El sal\u00f3n de peluquer\u00eda y est\u00e9tica Loly Mu\u00f1oz, ofrece un profesional servicio de peluquer\u00eda, manicura y pedicura a domicilio. Peluquer\u00eda especializada en Mujeres, Hombres y Ni\u00f1os Sal\u00f3n de peluquer\u00eda y belleza abierto desde 1988, regentado por Loly Mu\u00f1oz, gran estilista que desde muy joven ya sent\u00eda pasi\u00f3n por la imagen [&hellip;]\" \/>\n<meta property=\"og:url\" content=\"https:\/\/lolymunoz.es\/eu\/\" \/>\n<meta property=\"og:site_name\" content=\"Loly Mu\u00f1oz\" \/>\n<meta property=\"article:modified_time\" content=\"2024-01-03T17:06:56+00:00\" \/>\n<meta property=\"og:image\" content=\"https:\/\/lolymunoz.es\/wp-content\/uploads\/2023\/12\/portrait-smiling-pretty-model-with-long-lush-wavy-deep-blonde-hair-hairdressing-art-makeup-scaled.jpg\" \/>\n\t<meta property=\"og:image:width\" content=\"2560\" \/>\n\t<meta property=\"og:image:height\" content=\"1648\" \/>\n\t<meta property=\"og:image:type\" content=\"image\/jpeg\" \/>\n<meta name=\"twitter:card\" content=\"summary_large_image\" \/>\n<meta name=\"twitter:label1\" content=\"Est. reading time\" \/>\n\t<meta name=\"twitter:data1\" content=\"1 minutua\" \/>\n<script type=\"application\/ld+json\" class=\"yoast-schema-graph\">{\"@context\":\"https:\\\/\\\/schema.org\",\"@graph\":[{\"@type\":\"WebPage\",\"@id\":\"https:\\\/\\\/lolymunoz.es\\\/\",\"url\":\"https:\\\/\\\/lolymunoz.es\\\/\",\"name\":\"Inicio - Loly Mu\u00f1oz\",\"isPartOf\":{\"@id\":\"https:\\\/\\\/lolymunoz.es\\\/#website\"},\"primaryImageOfPage\":{\"@id\":\"https:\\\/\\\/lolymunoz.es\\\/#primaryimage\"},\"image\":{\"@id\":\"https:\\\/\\\/lolymunoz.es\\\/#primaryimage\"},\"thumbnailUrl\":\"https:\\\/\\\/lolymunoz.es\\\/wp-content\\\/uploads\\\/2023\\\/12\\\/portrait-smiling-pretty-model-with-long-lush-wavy-deep-blonde-hair-hairdressing-art-makeup-scaled.jpg\",\"datePublished\":\"2023-12-18T13:03:44+00:00\",\"dateModified\":\"2024-01-03T17:06:56+00:00\",\"breadcrumb\":{\"@id\":\"https:\\\/\\\/lolymunoz.es\\\/#breadcrumb\"},\"inLanguage\":\"eu\",\"potentialAction\":[{\"@type\":\"ReadAction\",\"target\":[\"https:\\\/\\\/lolymunoz.es\\\/\"]}]},{\"@type\":\"ImageObject\",\"inLanguage\":\"eu\",\"@id\":\"https:\\\/\\\/lolymunoz.es\\\/#primaryimage\",\"url\":\"https:\\\/\\\/lolymunoz.es\\\/wp-content\\\/uploads\\\/2023\\\/12\\\/portrait-smiling-pretty-model-with-long-lush-wavy-deep-blonde-hair-hairdressing-art-makeup-scaled.jpg\",\"contentUrl\":\"https:\\\/\\\/lolymunoz.es\\\/wp-content\\\/uploads\\\/2023\\\/12\\\/portrait-smiling-pretty-model-with-long-lush-wavy-deep-blonde-hair-hairdressing-art-makeup-scaled.jpg\",\"width\":2560,\"height\":1648},{\"@type\":\"BreadcrumbList\",\"@id\":\"https:\\\/\\\/lolymunoz.es\\\/#breadcrumb\",\"itemListElement\":[{\"@type\":\"ListItem\",\"position\":1,\"name\":\"Portada\",\"item\":\"https:\\\/\\\/lolymunoz.es\\\/\"},{\"@type\":\"ListItem\",\"position\":2,\"name\":\"Inicio\"}]},{\"@type\":\"WebSite\",\"@id\":\"https:\\\/\\\/lolymunoz.es\\\/#website\",\"url\":\"https:\\\/\\\/lolymunoz.es\\\/\",\"name\":\"Loly Mu\u00f1oz\",\"description\":\"\",\"publisher\":{\"@id\":\"https:\\\/\\\/lolymunoz.es\\\/#organization\"},\"potentialAction\":[{\"@type\":\"SearchAction\",\"target\":{\"@type\":\"EntryPoint\",\"urlTemplate\":\"https:\\\/\\\/lolymunoz.es\\\/?s={search_term_string}\"},\"query-input\":{\"@type\":\"PropertyValueSpecification\",\"valueRequired\":true,\"valueName\":\"search_term_string\"}}],\"inLanguage\":\"eu\"},{\"@type\":\"Organization\",\"@id\":\"https:\\\/\\\/lolymunoz.es\\\/#organization\",\"name\":\"Loly Mu\u00f1oz\",\"url\":\"https:\\\/\\\/lolymunoz.es\\\/\",\"logo\":{\"@type\":\"ImageObject\",\"inLanguage\":\"eu\",\"@id\":\"https:\\\/\\\/lolymunoz.es\\\/#\\\/schema\\\/logo\\\/image\\\/\",\"url\":\"https:\\\/\\\/lolymunoz.es\\\/wp-content\\\/uploads\\\/2023\\\/12\\\/cropped-logotipo-1.png\",\"contentUrl\":\"https:\\\/\\\/lolymunoz.es\\\/wp-content\\\/uploads\\\/2023\\\/12\\\/cropped-logotipo-1.png\",\"width\":396,\"height\":112,\"caption\":\"Loly Mu\u00f1oz\"},\"image\":{\"@id\":\"https:\\\/\\\/lolymunoz.es\\\/#\\\/schema\\\/logo\\\/image\\\/\"}}]}<\/script>\n<!-- \/ Yoast SEO plugin. -->","yoast_head_json":{"title":"Inicio - Loly Mu\u00f1oz","robots":{"index":"index","follow":"follow","max-snippet":"max-snippet:-1","max-image-preview":"max-image-preview:large","max-video-preview":"max-video-preview:-1"},"canonical":"https:\/\/lolymunoz.es\/eu\/","og_locale":"en_US","og_type":"article","og_title":"Inicio - Loly Mu\u00f1oz","og_description":"NOS ADAPTAMOS A TUS HORARIOS El sal\u00f3n de peluquer\u00eda y est\u00e9tica Loly Mu\u00f1oz, ofrece un profesional servicio de peluquer\u00eda, manicura y pedicura a domicilio. Peluquer\u00eda especializada en Mujeres, Hombres y Ni\u00f1os Sal\u00f3n de peluquer\u00eda y belleza abierto desde 1988, regentado por Loly Mu\u00f1oz, gran estilista que desde muy joven ya sent\u00eda pasi\u00f3n por la imagen [&hellip;]","og_url":"https:\/\/lolymunoz.es\/eu\/","og_site_name":"Loly Mu\u00f1oz","article_modified_time":"2024-01-03T17:06:56+00:00","og_image":[{"width":2560,"height":1648,"url":"https:\/\/lolymunoz.es\/wp-content\/uploads\/2023\/12\/portrait-smiling-pretty-model-with-long-lush-wavy-deep-blonde-hair-hairdressing-art-makeup-scaled.jpg","type":"image\/jpeg"}],"twitter_card":"summary_large_image","twitter_misc":{"Est. reading time":"1 minutua"},"schema":{"@context":"https:\/\/schema.org","@graph":[{"@type":"WebPage","@id":"https:\/\/lolymunoz.es\/","url":"https:\/\/lolymunoz.es\/","name":"Inicio - Loly Mu\u00f1oz","isPartOf":{"@id":"https:\/\/lolymunoz.es\/#website"},"primaryImageOfPage":{"@id":"https:\/\/lolymunoz.es\/#primaryimage"},"image":{"@id":"https:\/\/lolymunoz.es\/#primaryimage"},"thumbnailUrl":"https:\/\/lolymunoz.es\/wp-content\/uploads\/2023\/12\/portrait-smiling-pretty-model-with-long-lush-wavy-deep-blonde-hair-hairdressing-art-makeup-scaled.jpg","datePublished":"2023-12-18T13:03:44+00:00","dateModified":"2024-01-03T17:06:56+00:00","breadcrumb":{"@id":"https:\/\/lolymunoz.es\/#breadcrumb"},"inLanguage":"eu","potentialAction":[{"@type":"ReadAction","target":["https:\/\/lolymunoz.es\/"]}]},{"@type":"ImageObject","inLanguage":"eu","@id":"https:\/\/lolymunoz.es\/#primaryimage","url":"https:\/\/lolymunoz.es\/wp-content\/uploads\/2023\/12\/portrait-smiling-pretty-model-with-long-lush-wavy-deep-blonde-hair-hairdressing-art-makeup-scaled.jpg","contentUrl":"https:\/\/lolymunoz.es\/wp-content\/uploads\/2023\/12\/portrait-smiling-pretty-model-with-long-lush-wavy-deep-blonde-hair-hairdressing-art-makeup-scaled.jpg","width":2560,"height":1648},{"@type":"BreadcrumbList","@id":"https:\/\/lolymunoz.es\/#breadcrumb","itemListElement":[{"@type":"ListItem","position":1,"name":"Portada","item":"https:\/\/lolymunoz.es\/"},{"@type":"ListItem","position":2,"name":"Inicio"}]},{"@type":"WebSite","@id":"https:\/\/lolymunoz.es\/#website","url":"https:\/\/lolymunoz.es\/","name":"Loly Mu\u00f1oz","description":"","publisher":{"@id":"https:\/\/lolymunoz.es\/#organization"},"potentialAction":[{"@type":"SearchAction","target":{"@type":"EntryPoint","urlTemplate":"https:\/\/lolymunoz.es\/?s={search_term_string}"},"query-input":{"@type":"PropertyValueSpecification","valueRequired":true,"valueName":"search_term_string"}}],"inLanguage":"eu"},{"@type":"Organization","@id":"https:\/\/lolymunoz.es\/#organization","name":"Loly Mu\u00f1oz","url":"https:\/\/lolymunoz.es\/","logo":{"@type":"ImageObject","inLanguage":"eu","@id":"https:\/\/lolymunoz.es\/#\/schema\/logo\/image\/","url":"https:\/\/lolymunoz.es\/wp-content\/uploads\/2023\/12\/cropped-logotipo-1.png","contentUrl":"https:\/\/lolymunoz.es\/wp-content\/uploads\/2023\/12\/cropped-logotipo-1.png","width":396,"height":112,"caption":"Loly Mu\u00f1oz"},"image":{"@id":"https:\/\/lolymunoz.es\/#\/schema\/logo\/image\/"}}]}},"_links":{"self":[{"href":"https:\/\/lolymunoz.es\/eu\/wp-json\/wp\/v2\/pages\/2","targetHints":{"allow":["GET"]}}],"collection":[{"href":"https:\/\/lolymunoz.es\/eu\/wp-json\/wp\/v2\/pages"}],"about":[{"href":"https:\/\/lolymunoz.es\/eu\/wp-json\/wp\/v2\/types\/page"}],"author":[{"embeddable":true,"href":"https:\/\/lolymunoz.es\/eu\/wp-json\/wp\/v2\/users\/1"}],"replies":[{"embeddable":true,"href":"https:\/\/lolymunoz.es\/eu\/wp-json\/wp\/v2\/comments?post=2"}],"version-history":[{"count":106,"href":"https:\/\/lolymunoz.es\/eu\/wp-json\/wp\/v2\/pages\/2\/revisions"}],"predecessor-version":[{"id":562,"href":"https:\/\/lolymunoz.es\/eu\/wp-json\/wp\/v2\/pages\/2\/revisions\/562"}],"wp:featuredmedia":[{"embeddable":true,"href":"https:\/\/lolymunoz.es\/eu\/wp-json\/wp\/v2\/media\/386"}],"wp:attachment":[{"href":"https:\/\/lolymunoz.es\/eu\/wp-json\/wp\/v2\/media?parent=2"}],"curies":[{"name":"wp","href":"https:\/\/api.w.org\/{rel}","templated":true}]}}