{"id":12,"date":"2023-12-18T13:15:17","date_gmt":"2023-12-18T13:15:17","guid":{"rendered":"https:\/\/web4.rkinformatika.net\/lolymunoz\/?page_id=12"},"modified":"2023-12-19T14:10:32","modified_gmt":"2023-12-19T14:10:32","slug":"aviso-legal","status":"publish","type":"page","link":"https:\/\/lolymunoz.es\/eu\/aviso-legal\/","title":{"rendered":"Legezko Oharra"},"content":{"rendered":"<div data-elementor-type=\"wp-page\" data-elementor-id=\"12\" class=\"elementor elementor-12\" data-elementor-post-type=\"page\">\n\t\t\t\t<div class=\"elementor-element elementor-element-ca95bdd e-flex e-con-boxed e-con e-parent\" data-id=\"ca95bdd\" data-element_type=\"container\" data-e-type=\"container\">\n\t\t\t\t\t<div class=\"e-con-inner\">\n\t\t\t\t<div class=\"elementor-element elementor-element-08c94a0 elementor-widget elementor-widget-text-editor\" data-id=\"08c94a0\" data-element_type=\"widget\" data-e-type=\"widget\" data-widget_type=\"text-editor.default\">\n\t\t\t\t<div class=\"elementor-widget-container\">\n\t\t\t\t\t\t\t\t\t<section><h1>Aviso legal<\/h1><\/section><h2>Informaci\u00f3n general del titular del sitio web<\/h2><p><strong> Dolores Mu\u00f1oz Lopez <\/strong>, sociedad domiciliada en <strong> Jon Arrospide Kalea, 2, 48014 Bilbao <\/strong>, que figura Inscrita en el Registro Mercantil de BIZKAIA, ., con C.I.F.: <strong> 27.518.450-P <\/strong> (en adelante, LA EMPRESA) es la titular del presente Sitio Web ubicado en el dominio <strong> www.lolymunoz.es <\/strong><\/p><p>El acceso, la navegaci\u00f3n y el uso de este Sitio Web son libres y gratuitos, siempre que el Usuario cumpla con los t\u00e9rminos de este Aviso Legal, la legislaci\u00f3n vigente, las buenas costumbres y los comportamientos usualmente aceptados en el \u00e1mbito de Internet. Al acceder al Sitio Web o a cualquiera de las p\u00e1ginas a las que a trav\u00e9s del mismo se pueda acceder, el usuario declara expresamente que ha le\u00eddo, entiende y acepta el presente \u00abAviso Legal\u00bb. En caso de que no acepte los t\u00e9rminos y condiciones que a continuaci\u00f3n se presentan le rogamos se abstenga de utilizar el Sitio Web, reserv\u00e1ndose la Sociedad el derecho a restringir el acceso al Sitio Web a aquellos usuarios que no los respeten.<\/p><h3>Datos personales<\/h3><p>LA EMPRESA s\u00f3lo dispondr\u00e1 de datos personales de aquellos usuarios que voluntariamente quieran proporcion\u00e1rselos a trav\u00e9s del Sitio Web mediante los mecanismos establecidos al efecto.<\/p><p>El Usuario que libre, afirmativa y voluntariamente comunique a la Sociedad sus datos personales a trav\u00e9s de los procedimientos establecidos en este Sitio Web, autoriza expresamente a LA EMPRESA a su tratamiento con la finalidad de promover acciones comerciales y siempre respetando la legislaci\u00f3n vigente en cada momento en materia de datos de car\u00e1cter personal y servicios de la sociedad de la informaci\u00f3n. El Usuario que no autorice el tratamiento de sus datos, no recibir\u00e1 comunicaci\u00f3n alguna por parte de la EMPRESA, elimin\u00e1ndose de inmediato las comunicaciones recibidas por el mismo calific\u00e1ndolas como comunicaciones err\u00f3neamente recibidas.<\/p><p>Cualquier Usuario podr\u00e1 en cualquier momento ejercer los derechos de acceso, rectificaci\u00f3n, oposici\u00f3n y cancelaci\u00f3n de sus datos personales que la normativa aplicable le concede mediante su comunicaci\u00f3n al email <strong> peluqueria@lolymunoz.es<\/strong>. Asimismo, podr\u00e1 dirigirse a dicho mail para solicitar ampliar informaci\u00f3n sobre sus derechos.<\/p><p>Los datos personales comunicados por el Usuario de forma libre, afirmativa y voluntariamente a LA EMPRESA, pueden ser almacenados en bases de datos automatizadas, sin serles aplicadas decisiones automatizadas, cuya titularidad corresponde en exclusiva a LA EMPRESA, asumiendo \u00e9sta todas las medidas de \u00edndole t\u00e9cnica, organizativa y de seguridad que garantizan la confidencialidad, integridad y calidad de la informaci\u00f3n contenida en las mismas de acuerdo con lo establecido en el Reglamento General de Protecci\u00f3n de Datos 2016\/679, de 27 de abril, y sus Directrices relacionadas. La conservaci\u00f3n de los datos tiene car\u00e1cter indefinido, pudi\u00e9ndose ser revocada la misma a trav\u00e9s de los canales habilitados a tal efecto.<\/p><p>La comunicaci\u00f3n entre los usuarios y LA EMPRESA no utiliza un canal seguro, y los datos transmitidos no son cifrados, por lo que se solicita a los Usuarios que se abstengan de enviar aquellos datos personales que merezcan la consideraci\u00f3n de datos especialmente protegidos en los t\u00e9rminos indicados por el Reglamento General, ya que las medidas de seguridad aplicables a un canal no seguro lo hacen desaconsejable.<\/p><p>Los datos de car\u00e1cter personal que sean comunicados voluntariamente por el Usuario se destinar\u00e1n \u00fanicamente a la finalidad concreta de promover acciones comerciales y ser\u00e1n tratados con la m\u00e1s absoluta confidencialidad, destin\u00e1ndose \u00fanicamente a aquellas finalidades para las que fueron recabados y de las que expresamente se informa al Usuario en el momento de su recogida en la presente Pol\u00edtica de Privacidad.<\/p><p>Los datos de car\u00e1cter personal recogidos a trav\u00e9s de este Sitio Web podr\u00e1n ser objeto de cesi\u00f3n a sus agentes mercantiles o a sus clientes, a lo que el Usuario otorga expresamente su consentimiento.<\/p><h3>Normativa legal<\/h3><p>El presente \u201cAviso Legal\u201d, as\u00ed como el resto del contenido de este Sitio Web, se han realizado respetando en todo momento la legislaci\u00f3n que le resulta aplicable, en especial, la referente a la Protecci\u00f3n de Datos de car\u00e1cter personal y la Ley 34\/2002, de 11 de julio, de Servicios de la Sociedad de la Informaci\u00f3n y comercio electr\u00f3nico, y podr\u00e1n ser revisados y modificados en cualquier momento al objeto de adaptarse a cualquier modificaci\u00f3n de la legislaci\u00f3n vigente. En dicho caso, el nuevo contenido resultar\u00e1 aplicable desde el momento en que su modificaci\u00f3n sea publicitada en el Sitio Web, resultando accesible para los Usuarios del mismo.<\/p><p>El uso del Sitio Web, incluyendo el acceso por los Usuarios y la navegaci\u00f3n a trav\u00e9s del mismo, es libre pero implica la aceptaci\u00f3n expresa y cumplimiento del \u201cAviso Legal\u201d de este Sitio Web y de la legislaci\u00f3n espa\u00f1ola aplicable.<\/p><h3>Pol\u00edtica de enlaces<\/h3><p>LA EMPRESA no se hace responsable del contenido de las p\u00e1ginas web a las que el usuario pueda acceder a trav\u00e9s de esta website.<\/p><h2>Uso de Cookies<\/h2><p>Nuestro sitio web utiliza \u00abcookies\u00bb para mejorar la navegaci\u00f3n y obtener datos estad\u00edsticos sobre las visitas obtenidas.<\/p><h3>\u00bfQu\u00e9 son las Cookies?<\/h3><p>Las \u00abcookies\u00bb son peque\u00f1os archivos de texto que se instalan en el equipo desde el cual se visita nuestro sitio web, y que nos proporcionan informaci\u00f3n de forma autom\u00e1tica. Las Cookies en ning\u00fan caso se pueden considerar como un virus inform\u00e1tico.<\/p><ul><li>No da\u00f1an el ordenador ni ralentizan su funcionamiento en modo alguno.<\/li><li>Puede eliminar nuestras \u00abcookies\u00bb en cualquier momento, o rechazarlas configurando su navegador web.<\/li><li>Las \u00abcookies\u00bb se asocian \u00fanicamente con el navegador de un ordenador determinado (un usuario an\u00f3nimo).<\/li><li>Gracias a las \u00abcookies\u00bb, resulta posible que reconozcamos los navegadores de los usuarios registrados despu\u00e9s de que \u00e9stos se hayan autenticado por primera vez, sin que tengan que registrarse en cada visita para acceder a las \u00e1reas y servicios reservados exclusivamente a ellos.<\/li><li>Nuestras \u00abcookies\u00bb sirven para identificar una sesi\u00f3n de usuario (\u00abcookies de sesi\u00f3n\u00bb) en un ordenador (\u00abcookies temporales\u00bb), y no proporcionan por s\u00ed mismas ni el nombre del usuario ni ning\u00fan otro dato personal.<\/li><li>Las \u00abcookies\u00bb utilizadas no pueden leer los archivos \u00abcookies\u00bb creados por otros proveedores.<\/li><li>El usuario tiene la posibilidad de configurar su navegador para que le avise por pantalla de la recepci\u00f3n de \u00abcookies\u00bb o para impedir la instalaci\u00f3n de \u00abcookies\u00bb en su disco duro.<\/li><\/ul><p>Por favor, consulte las instrucciones y manuales de su navegador para ampliar esta informaci\u00f3n.<\/p><p>Nuestra web utiliza dos tipos de \u00abcookies\u00bb diferentes:<\/p><h3>Cookies de terceras partes<\/h3><p>Las instala en su ordenador el servicio Google Analytics. Son \u00abcookies\u00bb estad\u00edsticas, con las que podemos conocer datos \u00fatiles para mejorar nuestro sitio web. Algunos datos recogidos son, por ejemplo: el n\u00famero de visitas recibidas, el origen de las visitas, las palabras clave utilizadas para encontrarnos, o las horas de mayor afluencia de visitantes. Puede obtener m\u00e1s informaci\u00f3n sobre la pol\u00edtica de privacidad de Google Analytics, visitando el siguiente enlace: Pol\u00edtica de \u00abcookies\u00bb de Google Analytics.<\/p><p>Podr\u00e1 configurar su navegador para no recibir estas \u00abcookies\u00bb y no se instalar\u00e1n. En caso contrario, entendemos que contamos con su consentimiento para su instalaci\u00f3n.<\/p><h3>Cookies propias<\/h3><p>Las genera nuestro sitio web para diferentes funciones:<\/p><h4>Cookies de autenticaci\u00f3n<\/h4><p>Utilizadas para reconocer a los usuarios registrados que se han autenticado en nuestro sitio web. Con estas \u00abcookies\u00bb, podr\u00e1 acceder a las secciones de acceso restringido de la web. En caso de rechazar estas \u00abcookies\u00bb o borrarlas, las claves de acceso a nuestro sitio web no funcionar\u00e1n de forma correcta.<\/p><h4>Cookies de personalizaci\u00f3n de interfaz<\/h4><p>Usadas para facilitar la navegaci\u00f3n de nuestro sitio web. Permiten recordar algunos aspectos gr\u00e1ficos de nuestra web autom\u00e1ticamente. En caso de rechazar estas \u00abcookies\u00bb o borrarlas, la navegaci\u00f3n en nuestro sitio web no funcionar\u00e1 de forma tan sencilla.<\/p><h4>Cookies publicitarias<\/h4><p>Utilizadas para personalizar la publicidad que nuestro sitio web le proporciona, seg\u00fan los contenidos vistos y la frecuencia con que se muestren los anuncios.<\/p><h4>Cookies publicidad comportamental<\/h4><p>Estas \u00abcookies\u00bb almacenan la informaci\u00f3n de nuestros usuarios y su comportamiento para despu\u00e9s ofrecer, en los espacios publicitarios disponibles, informaci\u00f3n relevante para ellos.<\/p><p>Si tiene dudas sobre nuestra pol\u00edtica de uso de \u00abcookies\u00bb, puede ponerse en contacto con nosotros a trav\u00e9s del: Departamento de atenci\u00f3n al Cliente (tel\u00e9fono, correo electr\u00f3nico y formulario de contacto proporcionados en el sitio web).<\/p><h3>C\u00f3mo eliminar las Cookies<\/h3><p>Desde su equipo puede eliminar las \u00abcookies\u00bb instaladas en cada navegador que use. Las \u00abcookies\u00bb se instalan en cada navegador empleado para visitarnos, y por tanto deber\u00e1 eliminarlas de cada uno de ellos.<\/p><p>Aqu\u00ed tiene informaci\u00f3n sobre c\u00f3mo hacerlo en los principales navegadores:<\/p><ul><li><strong>Chome:<\/strong> desde <a title=\"\" href=\"https:\/\/support.google.com\/chrome\/answer\/95647?hl=es\" target=\"_blank\" rel=\"noopener noreferrer\">aqu\u00ed<\/a><\/li><li><strong>Firefox:<\/strong> desde <a title=\"\" href=\"https:\/\/support.mozilla.org\/es\/kb\/Borrar%20cookies\" target=\"_blank\" rel=\"noopener noreferrer\">aqu\u00ed<\/a><\/li><li><strong>Explorer:<\/strong> desde <a title=\"\" href=\"https:\/\/support.microsoft.com\/es-es\/help\/17442\/windows-internet-explorer-delete-manage-cookies#ie=ie-10\" target=\"_blank\" rel=\"noopener noreferrer\">aqu\u00ed<\/a><\/li><li><strong>Safari:<\/strong> desde <a title=\"\" href=\"https:\/\/support.apple.com\/es-es\/HT201265\" target=\"_blank\" rel=\"noopener noreferrer\">aqu\u00ed<\/a><\/li><li><strong>Opera:<\/strong> desde <a title=\"\" href=\"http:\/\/help.opera.com\/Windows\/11.50\/es-ES\/cookies.html\" target=\"_blank\" rel=\"noopener noreferrer\">aqu\u00ed<\/a><\/li><\/ul><p>Para m\u00e1s informaci\u00f3n sobre el uso de \u00abcookies\u00bb, puede revisar la siguiente documentaci\u00f3n:<\/p><p><i> <a title=\"Guia protecci\u00f3n de datos\" href=\"https:\/\/www.aepd.es\/index.html\" target=\"_blank\" rel=\"noopener noreferrer\"> Gu\u00eda sobre el uso de las \u00abcookies\u00bb de la Agencia Espa\u00f1ola de Protecci\u00f3n de Datos.<\/a><\/i><\/p><h3>Aviso banner de inicio<\/h3><p>Con el fin de ofrecerte un servicio mejor, <strong> www.lolymunoz.es <\/strong> utiliza cookies. Al continuar navegando por el sitio, aceptas el uso de las mismas. Puede encontrar m\u00e1s detalles en nuestro aviso legal.<\/p><h2>Pol\u00edtica privacidad en redes sociales<\/h2><p>En cumplimiento del Reglamento Europeo de Protecci\u00f3n de Datos 2016\/679, de 27 de abril, y la Ley 34\/2002, de 11 de julio, de Servicios de la Sociedad de la Informaci\u00f3n y de Comercio Electr\u00f3nico (LSSI-CE), la empresa:<\/p><ul><li><strong> Dolores Mu\u00f1oz Lopez <\/strong><\/li><li><strong> 27.518.450-P <\/strong><\/li><li><strong> Jon Arrospide Kalea, 2, 48014 Bilbao <\/strong><\/li><\/ul><p>informa que ha procedido a crear una p\u00e1gina en las Redes Sociales LINKEDIN, FACEBOOK, GOOGLE+, TWITTER, PINTEREST, YOUTUBE E INSTAGRAM con la finalidad principal de publicitarse.<\/p><p>El usuario, al consentir libre, afirmativa y voluntariamente el tratamiento de sus datos, incluye expl\u00edcitamente aquellos datos personales publicados en su perfil. El usuario puede acceder en todo momento a las pol\u00edticas de privacidad de la propia Red Social, as\u00ed como configurar su perfil para garantizar su privacidad. <strong> Dolores Mu\u00f1oz Lopez <\/strong> tiene acceso y trata aquella informaci\u00f3n p\u00fablica del usuario, en especial, su nombre de contacto. Estos datos, s\u00f3lo son utilizados dentro de la propia Red Social. No son incorporados a ning\u00fan fichero.<\/p><p>El usuario puede ejercitar sus derechos de acceso, rectificaci\u00f3n, cancelaci\u00f3n y oposici\u00f3n en la direcci\u00f3n arriba indicada. Asimismo, el usuario debe de ser conocedor de las peculiaridades de las redes sociales y de las limitaciones de <strong> Dolores Mu\u00f1oz Lopez <\/strong> en relaci\u00f3n a la aplicaci\u00f3n de los derechos de acceso, rectificaci\u00f3n, cancelaci\u00f3n y oposici\u00f3n. Si el usuario tuviese alguna duda al respecto podr\u00e1 consultar las peculiaridades de las diferentes redes sociales en los clausulados legales de las mismas.<\/p><p>El usuario se hace responsable de todo contenido publicado en los perfiles de redes sociales pertenecientes a <strong> Dolores Mu\u00f1oz Lopez <\/strong>. Si la publicaci\u00f3n del contenido no se ajusta a la legalidad vigente se proh\u00edbe su publicaci\u00f3n, siendo el usuario el \u00fanico responsable de dicha publicaci\u00f3n.<\/p><p>A continuaci\u00f3n detallamos el enlace a la pol\u00edtica de privacidad de nuestras Redes Sociales y de otras Redes sociales habituales:<\/p><ul><li><strong>Facebook:<\/strong> https:\/\/www.facebook.com\/help\/323540651073243\/<\/li><li><strong>Twitter:<\/strong> https:\/\/twitter.com\/privacy<\/li><li><strong>Linkedin:<\/strong> https:\/\/www.linkedin.com\/legal\/privacy-policy?trk=hb_ft_priv<\/li><li><strong>Flickr:<\/strong> http:\/\/info.yahoo.com\/privacy\/es\/yahoo\/eu\/<\/li><li><strong>Pinterest:<\/strong> https:\/\/about.pinterest.com\/es\/privacy-policy<\/li><li><strong>Instagram:<\/strong> https:\/\/www.instagram.com\/about\/legal\/privacy\/<\/li><li><strong>Youtube:<\/strong> https:\/\/www.google.com\/intl\/es\/policies\/privacy\/<\/li><li><strong>Google+:<\/strong> https:\/\/privacy.google.com\/intl\/es_ALL\/your-data.html<\/li><\/ul>\t\t\t\t\t\t\t\t<\/div>\n\t\t\t\t<\/div>\n\t\t\t\t\t<\/div>\n\t\t\t\t<\/div>\n\t\t\t\t<\/div>","protected":false},"excerpt":{"rendered":"<p>Aviso legal Informaci\u00f3n general del titular del sitio web Dolores Mu\u00f1oz Lopez , sociedad domiciliada en Jon Arrospide Kalea, 2, 48014 Bilbao , que figura Inscrita en el Registro Mercantil de BIZKAIA, ., con C.I.F.: 27.518.450-P (en adelante, LA EMPRESA) es la titular del presente Sitio Web ubicado en el dominio www.lolymunoz.es El acceso, la [&hellip;]<\/p>\n","protected":false},"author":1,"featured_media":0,"parent":0,"menu_order":0,"comment_status":"closed","ping_status":"closed","template":"","meta":{"footnotes":""},"class_list":["post-12","page","type-page","status-publish","hentry"],"yoast_head":"<!-- This site is optimized with the Yoast SEO plugin v27.5 - https:\/\/yoast.com\/product\/yoast-seo-wordpress\/ -->\n<title>Aviso Legal - Loly Mu\u00f1oz<\/title>\n<meta name=\"robots\" content=\"index, follow, max-snippet:-1, max-image-preview:large, max-video-preview:-1\" \/>\n<link rel=\"canonical\" href=\"https:\/\/lolymunoz.es\/eu\/aviso-legal\/\" \/>\n<meta property=\"og:locale\" content=\"en_US\" \/>\n<meta property=\"og:type\" content=\"article\" \/>\n<meta property=\"og:title\" content=\"Aviso Legal - Loly Mu\u00f1oz\" \/>\n<meta property=\"og:description\" content=\"Aviso legal Informaci\u00f3n general del titular del sitio web Dolores Mu\u00f1oz Lopez , sociedad domiciliada en Jon Arrospide Kalea, 2, 48014 Bilbao , que figura Inscrita en el Registro Mercantil de BIZKAIA, ., con C.I.F.: 27.518.450-P (en adelante, LA EMPRESA) es la titular del presente Sitio Web ubicado en el dominio www.lolymunoz.es El acceso, la [&hellip;]\" \/>\n<meta property=\"og:url\" content=\"https:\/\/lolymunoz.es\/eu\/aviso-legal\/\" \/>\n<meta property=\"og:site_name\" content=\"Loly Mu\u00f1oz\" \/>\n<meta property=\"article:modified_time\" content=\"2023-12-19T14:10:32+00:00\" \/>\n<meta name=\"twitter:card\" content=\"summary_large_image\" \/>\n<meta name=\"twitter:label1\" content=\"Est. reading time\" \/>\n\t<meta name=\"twitter:data1\" content=\"9 minutua\" \/>\n<script type=\"application\/ld+json\" class=\"yoast-schema-graph\">{\"@context\":\"https:\\\/\\\/schema.org\",\"@graph\":[{\"@type\":\"WebPage\",\"@id\":\"https:\\\/\\\/lolymunoz.es\\\/aviso-legal\\\/\",\"url\":\"https:\\\/\\\/lolymunoz.es\\\/aviso-legal\\\/\",\"name\":\"Aviso Legal - Loly Mu\u00f1oz\",\"isPartOf\":{\"@id\":\"https:\\\/\\\/lolymunoz.es\\\/#website\"},\"datePublished\":\"2023-12-18T13:15:17+00:00\",\"dateModified\":\"2023-12-19T14:10:32+00:00\",\"breadcrumb\":{\"@id\":\"https:\\\/\\\/lolymunoz.es\\\/aviso-legal\\\/#breadcrumb\"},\"inLanguage\":\"eu\",\"potentialAction\":[{\"@type\":\"ReadAction\",\"target\":[\"https:\\\/\\\/lolymunoz.es\\\/aviso-legal\\\/\"]}]},{\"@type\":\"BreadcrumbList\",\"@id\":\"https:\\\/\\\/lolymunoz.es\\\/aviso-legal\\\/#breadcrumb\",\"itemListElement\":[{\"@type\":\"ListItem\",\"position\":1,\"name\":\"Portada\",\"item\":\"https:\\\/\\\/lolymunoz.es\\\/\"},{\"@type\":\"ListItem\",\"position\":2,\"name\":\"Aviso Legal\"}]},{\"@type\":\"WebSite\",\"@id\":\"https:\\\/\\\/lolymunoz.es\\\/#website\",\"url\":\"https:\\\/\\\/lolymunoz.es\\\/\",\"name\":\"Loly Mu\u00f1oz\",\"description\":\"\",\"publisher\":{\"@id\":\"https:\\\/\\\/lolymunoz.es\\\/#organization\"},\"potentialAction\":[{\"@type\":\"SearchAction\",\"target\":{\"@type\":\"EntryPoint\",\"urlTemplate\":\"https:\\\/\\\/lolymunoz.es\\\/?s={search_term_string}\"},\"query-input\":{\"@type\":\"PropertyValueSpecification\",\"valueRequired\":true,\"valueName\":\"search_term_string\"}}],\"inLanguage\":\"eu\"},{\"@type\":\"Organization\",\"@id\":\"https:\\\/\\\/lolymunoz.es\\\/#organization\",\"name\":\"Loly Mu\u00f1oz\",\"url\":\"https:\\\/\\\/lolymunoz.es\\\/\",\"logo\":{\"@type\":\"ImageObject\",\"inLanguage\":\"eu\",\"@id\":\"https:\\\/\\\/lolymunoz.es\\\/#\\\/schema\\\/logo\\\/image\\\/\",\"url\":\"https:\\\/\\\/lolymunoz.es\\\/wp-content\\\/uploads\\\/2023\\\/12\\\/cropped-logotipo-1.png\",\"contentUrl\":\"https:\\\/\\\/lolymunoz.es\\\/wp-content\\\/uploads\\\/2023\\\/12\\\/cropped-logotipo-1.png\",\"width\":396,\"height\":112,\"caption\":\"Loly Mu\u00f1oz\"},\"image\":{\"@id\":\"https:\\\/\\\/lolymunoz.es\\\/#\\\/schema\\\/logo\\\/image\\\/\"}}]}<\/script>\n<!-- \/ Yoast SEO plugin. -->","yoast_head_json":{"title":"Aviso Legal - Loly Mu\u00f1oz","robots":{"index":"index","follow":"follow","max-snippet":"max-snippet:-1","max-image-preview":"max-image-preview:large","max-video-preview":"max-video-preview:-1"},"canonical":"https:\/\/lolymunoz.es\/eu\/aviso-legal\/","og_locale":"en_US","og_type":"article","og_title":"Aviso Legal - Loly Mu\u00f1oz","og_description":"Aviso legal Informaci\u00f3n general del titular del sitio web Dolores Mu\u00f1oz Lopez , sociedad domiciliada en Jon Arrospide Kalea, 2, 48014 Bilbao , que figura Inscrita en el Registro Mercantil de BIZKAIA, ., con C.I.F.: 27.518.450-P (en adelante, LA EMPRESA) es la titular del presente Sitio Web ubicado en el dominio www.lolymunoz.es El acceso, la [&hellip;]","og_url":"https:\/\/lolymunoz.es\/eu\/aviso-legal\/","og_site_name":"Loly Mu\u00f1oz","article_modified_time":"2023-12-19T14:10:32+00:00","twitter_card":"summary_large_image","twitter_misc":{"Est. reading time":"9 minutua"},"schema":{"@context":"https:\/\/schema.org","@graph":[{"@type":"WebPage","@id":"https:\/\/lolymunoz.es\/aviso-legal\/","url":"https:\/\/lolymunoz.es\/aviso-legal\/","name":"Aviso Legal - Loly Mu\u00f1oz","isPartOf":{"@id":"https:\/\/lolymunoz.es\/#website"},"datePublished":"2023-12-18T13:15:17+00:00","dateModified":"2023-12-19T14:10:32+00:00","breadcrumb":{"@id":"https:\/\/lolymunoz.es\/aviso-legal\/#breadcrumb"},"inLanguage":"eu","potentialAction":[{"@type":"ReadAction","target":["https:\/\/lolymunoz.es\/aviso-legal\/"]}]},{"@type":"BreadcrumbList","@id":"https:\/\/lolymunoz.es\/aviso-legal\/#breadcrumb","itemListElement":[{"@type":"ListItem","position":1,"name":"Portada","item":"https:\/\/lolymunoz.es\/"},{"@type":"ListItem","position":2,"name":"Aviso Legal"}]},{"@type":"WebSite","@id":"https:\/\/lolymunoz.es\/#website","url":"https:\/\/lolymunoz.es\/","name":"Loly Mu\u00f1oz","description":"","publisher":{"@id":"https:\/\/lolymunoz.es\/#organization"},"potentialAction":[{"@type":"SearchAction","target":{"@type":"EntryPoint","urlTemplate":"https:\/\/lolymunoz.es\/?s={search_term_string}"},"query-input":{"@type":"PropertyValueSpecification","valueRequired":true,"valueName":"search_term_string"}}],"inLanguage":"eu"},{"@type":"Organization","@id":"https:\/\/lolymunoz.es\/#organization","name":"Loly Mu\u00f1oz","url":"https:\/\/lolymunoz.es\/","logo":{"@type":"ImageObject","inLanguage":"eu","@id":"https:\/\/lolymunoz.es\/#\/schema\/logo\/image\/","url":"https:\/\/lolymunoz.es\/wp-content\/uploads\/2023\/12\/cropped-logotipo-1.png","contentUrl":"https:\/\/lolymunoz.es\/wp-content\/uploads\/2023\/12\/cropped-logotipo-1.png","width":396,"height":112,"caption":"Loly Mu\u00f1oz"},"image":{"@id":"https:\/\/lolymunoz.es\/#\/schema\/logo\/image\/"}}]}},"_links":{"self":[{"href":"https:\/\/lolymunoz.es\/eu\/wp-json\/wp\/v2\/pages\/12","targetHints":{"allow":["GET"]}}],"collection":[{"href":"https:\/\/lolymunoz.es\/eu\/wp-json\/wp\/v2\/pages"}],"about":[{"href":"https:\/\/lolymunoz.es\/eu\/wp-json\/wp\/v2\/types\/page"}],"author":[{"embeddable":true,"href":"https:\/\/lolymunoz.es\/eu\/wp-json\/wp\/v2\/users\/1"}],"replies":[{"embeddable":true,"href":"https:\/\/lolymunoz.es\/eu\/wp-json\/wp\/v2\/comments?post=12"}],"version-history":[{"count":7,"href":"https:\/\/lolymunoz.es\/eu\/wp-json\/wp\/v2\/pages\/12\/revisions"}],"predecessor-version":[{"id":472,"href":"https:\/\/lolymunoz.es\/eu\/wp-json\/wp\/v2\/pages\/12\/revisions\/472"}],"wp:attachment":[{"href":"https:\/\/lolymunoz.es\/eu\/wp-json\/wp\/v2\/media?parent=12"}],"curies":[{"name":"wp","href":"https:\/\/api.w.org\/{rel}","templated":true}]}}